{"id":241608,"date":"2024-05-20T18:15:36","date_gmt":"2024-05-20T16:15:36","guid":{"rendered":"https:\/\/www.garcia-coca.com\/dret-de-successions-i-donacions\/"},"modified":"2025-10-17T16:06:30","modified_gmt":"2025-10-17T14:06:30","slug":"dret-de-successions-i-donacions","status":"publish","type":"page","link":"https:\/\/www.garcia-coca.com\/ca\/dret-de-successions-i-donacions\/","title":{"rendered":"Dret de successions i donacions"},"content":{"rendered":"<p>[et_pb_section fb_built=&#8221;1&#8243; admin_label=&#8221;Hero Section&#8221; _builder_version=&#8221;4.16&#8243; background_color=&#8221;#d8d8d8&#8243; custom_padding=&#8221;0|0px|0px|0px&#8221; global_colors_info=&#8221;{}&#8221;][et_pb_row column_structure=&#8221;1_2,1_2&#8243; use_custom_gutter=&#8221;on&#8221; make_equal=&#8221;on&#8221; _builder_version=&#8221;4.27.4&#8243; width=&#8221;100%&#8221; max_width=&#8221;100%&#8221; custom_padding=&#8221;0px|0|0px|&#8221; hover_enabled=&#8221;0&#8243; use_custom_width=&#8221;on&#8221; width_unit=&#8221;off&#8221; custom_width_percent=&#8221;100%&#8221; global_colors_info=&#8221;{}&#8221; sticky_enabled=&#8221;0&#8243;][et_pb_column type=&#8221;1_2&#8243; _builder_version=&#8221;4.16&#8243; custom_padding=&#8221;200px|4%|200px|8%|false|false&#8221; custom_padding_tablet=&#8221;60px|10%|60px|10%&#8221; custom_padding_phone=&#8221;&#8221; custom_padding_last_edited=&#8221;on|tablet&#8221; global_colors_info=&#8221;{}&#8221; padding_tablet=&#8221;60px|10%|60px|10%&#8221; padding_last_edited=&#8221;on|tablet&#8221; custom_padding__hover=&#8221;|||&#8221; padding_phone=&#8221;60px|10%|60px|10%&#8221;][et_pb_text module_class=&#8221;bullet-list overlapText&#8221; _builder_version=&#8221;4.25.1&#8243; text_font=&#8221;Open Sans||||||||&#8221; text_font_size=&#8221;17px&#8221; text_line_height=&#8221;1.8em&#8221; ul_font=&#8221;Open Sans||||||||&#8221; ul_line_height=&#8221;1.9em&#8221; header_font=&#8221;Cormorant Garamond||||||||&#8221; header_font_size=&#8221;56px&#8221; header_line_height=&#8221;1.4em&#8221; header_2_font=&#8221;Prata||||||||&#8221; header_2_font_size=&#8221;29px&#8221; header_3_font=&#8221;||||||||&#8221; max_width=&#8221;600px&#8221; animation_style=&#8221;fade&#8221; header_font_size_tablet=&#8221;40px&#8221; header_font_size_phone=&#8221;&#8221; header_font_size_last_edited=&#8221;on|tablet&#8221; locked=&#8221;off&#8221; global_colors_info=&#8221;{}&#8221;]<\/p>\n<h2>Dret de successions i donacions<\/h2>\n<p>&nbsp;<\/p>\n<ul>\n<li>Planificaci\u00f3 success\u00f2ria i redacci\u00f3 de tota mena de testaments.<\/li>\n<li>Impugnaci\u00f3 de testaments.<\/li>\n<li>Elaboraci\u00f3 de pactes successoris.<\/li>\n<li>Partici\u00f3, acceptaci\u00f3 i adjudicaci\u00f3 d\u2019her\u00e8ncia. Tant de manera amistosa com contenciosa.<\/li>\n<li>Acceptaci\u00f3 d\u2019her\u00e8ncia sense testament (declaraci\u00f3 d\u2019hereus abintestat).<\/li>\n<li>Reclamaci\u00f3 judicial de l\u2019her\u00e8ncia.<\/li>\n<li>Reclamaci\u00f3 i quantificaci\u00f3 de la lleg\u00edtima.<\/li>\n<li>Liquidaci\u00f3 de l\u2019impost sobre successions i donacions.<\/li>\n<li>Her\u00e8ncies internacionals.<\/li>\n<li>Desheretaments i ren\u00fancia a her\u00e8ncies.<\/li>\n<\/ul>\n<p>[\/et_pb_text][\/et_pb_column][et_pb_column type=&#8221;1_2&#8243; _builder_version=&#8221;4.27.4&#8243; use_background_color_gradient=&#8221;on&#8221; background_color_gradient_stops=&#8221;rgba(18,18,18,0.74) 0%|rgba(18,18,18,0.95) 100%&#8221; background_color_gradient_overlays_image=&#8221;on&#8221; background_color_gradient_start=&#8221;rgba(18,18,18,0.74)&#8221; background_color_gradient_end=&#8221;#121212&#8243; background_image=&#8221;http:\/\/www.garcia-coca.com\/wp-content\/uploads\/2021\/01\/FACHADA.jpg&#8221; custom_padding=&#8221;100px||100px|&#8221; custom_padding_tablet=&#8221;60px||60px|&#8221; custom_padding_phone=&#8221;&#8221; custom_padding_last_edited=&#8221;on|desktop&#8221; hover_enabled=&#8221;0&#8243; global_colors_info=&#8221;{}&#8221; padding_tablet=&#8221;60px||60px|&#8221; padding_last_edited=&#8221;on|desktop&#8221; custom_padding__hover=&#8221;|||&#8221; padding_phone=&#8221;60px||60px|&#8221; sticky_enabled=&#8221;0&#8243;][et_pb_image src=&#8221;http:\/\/www.garcia-coca.com\/wp-content\/uploads\/2021\/01\/FACHADA.jpg&#8221; title_text=&#8221;FACHADA&#8221; align_tablet=&#8221;center&#8221; align_phone=&#8221;&#8221; align_last_edited=&#8221;on|desktop&#8221; _builder_version=&#8221;4.16&#8243; max_width=&#8221;600px&#8221; max_width_tablet=&#8221;&#8221; max_width_phone=&#8221;&#8221; max_width_last_edited=&#8221;on|desktop&#8221; custom_margin=&#8221;|||-8%&#8221; custom_margin_tablet=&#8221;60px|60px|60px|60px&#8221; custom_margin_phone=&#8221;&#8221; custom_margin_last_edited=&#8221;on|desktop&#8221; custom_padding=&#8221;|||&#8221; animation_style=&#8221;slide&#8221; animation_direction=&#8221;right&#8221; animation_intensity_slide=&#8221;4%&#8221; animation_starting_opacity=&#8221;50%&#8221; box_shadow_style=&#8221;preset3&#8243; box_shadow_blur=&#8221;80px&#8221; global_colors_info=&#8221;{}&#8221;][\/et_pb_image][\/et_pb_column][\/et_pb_row][\/et_pb_section][et_pb_section fb_built=&#8221;1&#8243; _builder_version=&#8221;4.16&#8243; background_color=&#8221;#eaeaea&#8221; global_module=&#8221;1144&#8243; saved_tabs=&#8221;all&#8221; global_colors_info=&#8221;{}&#8221;][et_pb_row column_structure=&#8221;1_3,2_3&#8243; _builder_version=&#8221;4.16&#8243; global_colors_info=&#8221;{}&#8221;][et_pb_column type=&#8221;1_3&#8243; _builder_version=&#8221;4.16&#8243; global_colors_info=&#8221;{}&#8221;][et_pb_text module_class=&#8221;hyperlink-color&#8221; _builder_version=&#8221;4.17.3&#8243; text_font=&#8221;Open Sans||||||||&#8221; text_text_color=&#8221;#666666&#8243; link_font=&#8221;Open Sans||||||||&#8221; link_text_color=&#8221;#666666&#8243; header_2_font=&#8221;Prata||||||||&#8221; header_2_text_color=&#8221;#666666&#8243; header_2_letter_spacing=&#8221;2px&#8221; header_3_font=&#8221;Prata||||||||&#8221; header_3_text_color=&#8221;#666666&#8243; animation_style=&#8221;fade&#8221; header_2_text_color_last_edited=&#8221;off|desktop&#8221; global_colors_info=&#8221;{}&#8221;]<\/p>\n<h3>Bufet GARC\u00cdA-COCA<\/h3>\n<p>Bruc, 123 entresol<br \/>08037 BARCELONA<br \/><span class=\"et-pb-icon\" style=\"font-size: 15px;\">\ue090<\/span> 93 208 18 88<br \/><span class=\"et-pb-icon\" style=\"font-size: 15px;\">\ue0fa<\/span> 93 458 30 20<br \/><span class=\"et-pb-icon\" style=\"font-size: 15px;\">\ue010<\/span> <a href=\"mailto:bufetgarciacoca@icab.es\">bufetgarciacoca@icab.es<\/a><\/p>\n<p>[\/et_pb_text][et_pb_button button_url=&#8221;https:\/\/goo.gl\/maps\/XGYmzez5bfdSDx7R6&#8243; url_new_window=&#8221;on&#8221; button_text=&#8221;LOCALITZACI\u00d3&#8221; _builder_version=&#8221;4.17.3&#8243; custom_button=&#8221;on&#8221; button_text_size=&#8221;13px&#8221; button_text_color=&#8221;#5b5b5b&#8221; button_bg_color=&#8221;#ffba60&#8243; button_border_width=&#8221;0px&#8221; button_border_color=&#8221;rgba(0,0,0,0)&#8221; button_border_radius=&#8221;0px&#8221; button_letter_spacing=&#8221;2px&#8221; button_font=&#8221;Open Sans|700|||||||&#8221; button_icon=&#8221;&#x39;||divi||400&#8243; button_icon_color=&#8221;#5b5b5b&#8221; custom_margin=&#8221;-15px||||false|false&#8221; animation_style=&#8221;fade&#8221; box_shadow_style=&#8221;preset2&#8243; box_shadow_horizontal=&#8221;3px&#8221; box_shadow_vertical=&#8221;3px&#8221; global_colors_info=&#8221;{}&#8221;][\/et_pb_button][\/et_pb_column][et_pb_column type=&#8221;2_3&#8243; _builder_version=&#8221;4.16&#8243; global_colors_info=&#8221;{}&#8221;][et_pb_social_media_follow _builder_version=&#8221;4.16&#8243; text_orientation=&#8221;right&#8221; custom_margin=&#8221;||10px||false|false&#8221; animation_style=&#8221;fade&#8221; locked=&#8221;off&#8221; global_colors_info=&#8221;{}&#8221;][et_pb_social_media_follow_network social_network=&#8221;facebook&#8221; url=&#8221;https:\/\/www.facebook.com\/Bufet-Garc%C3%ADa-Coca-975377212483096\/&#8221; _builder_version=&#8221;4.16&#8243; background_color=&#8221;#3b5998&#8243; global_colors_info=&#8221;{}&#8221; follow_button=&#8221;off&#8221; url_new_window=&#8221;on&#8221;]facebook[\/et_pb_social_media_follow_network][et_pb_social_media_follow_network social_network=&#8221;linkedin&#8221; url=&#8221;http:\/\/www.linkedin.com\/in\/fernando-garc\u00eda-coca-castro-43a1b240&#8243; _builder_version=&#8221;4.16&#8243; background_color=&#8221;#007bb6&#8243; global_colors_info=&#8221;{}&#8221; follow_button=&#8221;off&#8221; url_new_window=&#8221;on&#8221;]linkedin[\/et_pb_social_media_follow_network][\/et_pb_social_media_follow][et_pb_divider color=&#8221;#b3b3b3&#8243; _builder_version=&#8221;4.16&#8243; custom_margin=&#8221;|||-13px|false|false&#8221; animation_style=&#8221;fade&#8221; locked=&#8221;off&#8221; global_colors_info=&#8221;{}&#8221;][\/et_pb_divider][et_pb_text module_class=&#8221;hyperlink-color&#8221; _builder_version=&#8221;4.18.1&#8243; text_font=&#8221;Open Sans||||||||&#8221; text_text_color=&#8221;#666666&#8243; custom_margin=&#8221;-40px|||-13px|false|false&#8221; animation_style=&#8221;fade&#8221; locked=&#8221;off&#8221; global_colors_info=&#8221;{}&#8221;]<\/p>\n<p style=\"text-align: left;\"><a href=\"https:\/\/www.garcia-coca.com\/ca\/avis-legal\/\">Av\u00eds legal<\/a> | <a href=\"https:\/\/www.garcia-coca.com\/ca\/politica-de-privadesa\/\">Pol\u00edtica de privadesa<\/a> | <a href=\"https:\/\/www.garcia-coca.com\/ca\/politica-de-cookies\/\">Pol\u00edtica de cookies<\/a> | <a href=\"https:\/\/www.garcia-coca.com\/ca\/condicions-dus-del-lloc-web\/\">Condicions d&#8217;\u00fas del lloc web<\/a> | <a href=\"https:\/\/www.garcia-coca.com\/ca\/politica-de-qualitat\/\">Pol\u00edtica de qualitat<\/a><\/p>\n<p>[\/et_pb_text][et_pb_divider color=&#8221;#b3b3b3&#8243; _builder_version=&#8221;4.17.3&#8243; custom_margin=&#8221;-17px|||-13px|false|false&#8221; animation_style=&#8221;fade&#8221; locked=&#8221;off&#8221; global_colors_info=&#8221;{}&#8221;][\/et_pb_divider][\/et_pb_column][\/et_pb_row][\/et_pb_section]<\/p>\n","protected":false},"excerpt":{"rendered":"<p>Dret de successions i donacions &nbsp; Planificaci\u00f3 success\u00f2ria i redacci\u00f3 de tota mena de testaments. Impugnaci\u00f3 de testaments. Elaboraci\u00f3 de pactes successoris. Partici\u00f3, acceptaci\u00f3 i adjudicaci\u00f3 d\u2019her\u00e8ncia. Tant de manera amistosa com contenciosa. Acceptaci\u00f3 d\u2019her\u00e8ncia sense testament (declaraci\u00f3 d\u2019hereus abintestat). Reclamaci\u00f3 judicial de l\u2019her\u00e8ncia. Reclamaci\u00f3 i quantificaci\u00f3 de la lleg\u00edtima. Liquidaci\u00f3 de l\u2019impost sobre successions [&hellip;]<\/p>\n","protected":false},"author":1,"featured_media":0,"parent":0,"menu_order":0,"comment_status":"closed","ping_status":"closed","template":"","meta":{"_et_pb_use_builder":"on","_et_pb_old_content":"","_et_gb_content_width":"","footnotes":""},"class_list":["post-241608","page","type-page","status-publish","hentry"],"yoast_head":"<!-- This site is optimized with the Yoast SEO plugin v27.4 - https:\/\/yoast.com\/product\/yoast-seo-wordpress\/ -->\n<title>Dret de successions i donacions - Bufet Garc\u00eda-Coca<\/title>\n<meta name=\"description\" content=\"Planificaci\u00f3 success\u00f2ria i redacci\u00f3 de testaments. Partici\u00f3, acceptaci\u00f3 i adjudicaci\u00f3 d\u2019her\u00e8ncia. Obtenci\u00f3 del certificat de defunci\u00f3.\" \/>\n<meta name=\"robots\" content=\"index, follow, max-snippet:-1, max-image-preview:large, max-video-preview:-1\" \/>\n<link rel=\"canonical\" href=\"https:\/\/www.garcia-coca.com\/ca\/dret-de-successions-i-donacions\/\" \/>\n<meta property=\"og:locale\" content=\"ca_ES\" \/>\n<meta property=\"og:type\" content=\"article\" \/>\n<meta property=\"og:title\" content=\"Dret de successions i donacions - Bufet Garc\u00eda-Coca\" \/>\n<meta property=\"og:description\" content=\"Planificaci\u00f3 success\u00f2ria i redacci\u00f3 de testaments. Partici\u00f3, acceptaci\u00f3 i adjudicaci\u00f3 d\u2019her\u00e8ncia. Obtenci\u00f3 del certificat de defunci\u00f3.\" \/>\n<meta property=\"og:url\" content=\"https:\/\/www.garcia-coca.com\/ca\/dret-de-successions-i-donacions\/\" \/>\n<meta property=\"og:site_name\" content=\"Bufet Garc\u00eda-Coca\" \/>\n<meta property=\"article:publisher\" content=\"https:\/\/www.facebook.com\/Bufet-Garca-Coca-975377212483096\/\" \/>\n<meta property=\"article:modified_time\" content=\"2025-10-17T14:06:30+00:00\" \/>\n<meta property=\"og:image\" content=\"https:\/\/www.garcia-coca.com\/wp-content\/uploads\/2020\/12\/Logo_trasparente_blanco.png\" \/>\n\t<meta property=\"og:image:width\" content=\"2325\" \/>\n\t<meta property=\"og:image:height\" content=\"650\" \/>\n\t<meta property=\"og:image:type\" content=\"image\/png\" \/>\n<meta name=\"twitter:card\" content=\"summary_large_image\" \/>\n<meta name=\"twitter:label1\" content=\"Temps estimat de lectura\" \/>\n\t<meta name=\"twitter:data1\" content=\"4 minuts\" \/>\n<script type=\"application\/ld+json\" class=\"yoast-schema-graph\">{\"@context\":\"https:\\\/\\\/schema.org\",\"@graph\":[{\"@type\":\"WebPage\",\"@id\":\"https:\\\/\\\/www.garcia-coca.com\\\/ca\\\/dret-de-successions-i-donacions\\\/\",\"url\":\"https:\\\/\\\/www.garcia-coca.com\\\/ca\\\/dret-de-successions-i-donacions\\\/\",\"name\":\"Dret de successions i donacions - Bufet Garc\u00eda-Coca\",\"isPartOf\":{\"@id\":\"https:\\\/\\\/www.garcia-coca.com\\\/ca\\\/#website\"},\"datePublished\":\"2024-05-20T16:15:36+00:00\",\"dateModified\":\"2025-10-17T14:06:30+00:00\",\"description\":\"Planificaci\u00f3 success\u00f2ria i redacci\u00f3 de testaments. Partici\u00f3, acceptaci\u00f3 i adjudicaci\u00f3 d\u2019her\u00e8ncia. Obtenci\u00f3 del certificat de defunci\u00f3.\",\"breadcrumb\":{\"@id\":\"https:\\\/\\\/www.garcia-coca.com\\\/ca\\\/dret-de-successions-i-donacions\\\/#breadcrumb\"},\"inLanguage\":\"ca\",\"potentialAction\":[{\"@type\":\"ReadAction\",\"target\":[\"https:\\\/\\\/www.garcia-coca.com\\\/ca\\\/dret-de-successions-i-donacions\\\/\"]}]},{\"@type\":\"BreadcrumbList\",\"@id\":\"https:\\\/\\\/www.garcia-coca.com\\\/ca\\\/dret-de-successions-i-donacions\\\/#breadcrumb\",\"itemListElement\":[{\"@type\":\"ListItem\",\"position\":1,\"name\":\"Home\",\"item\":\"https:\\\/\\\/www.garcia-coca.com\\\/ca\\\/\"},{\"@type\":\"ListItem\",\"position\":2,\"name\":\"Dret de successions i donacions\"}]},{\"@type\":\"WebSite\",\"@id\":\"https:\\\/\\\/www.garcia-coca.com\\\/ca\\\/#website\",\"url\":\"https:\\\/\\\/www.garcia-coca.com\\\/ca\\\/\",\"name\":\"Bufet Garc\u00eda-Coca\",\"description\":\"Abogados de Familia y Sucesiones\",\"publisher\":{\"@id\":\"https:\\\/\\\/www.garcia-coca.com\\\/ca\\\/#organization\"},\"potentialAction\":[{\"@type\":\"SearchAction\",\"target\":{\"@type\":\"EntryPoint\",\"urlTemplate\":\"https:\\\/\\\/www.garcia-coca.com\\\/ca\\\/?s={search_term_string}\"},\"query-input\":{\"@type\":\"PropertyValueSpecification\",\"valueRequired\":true,\"valueName\":\"search_term_string\"}}],\"inLanguage\":\"ca\"},{\"@type\":\"Organization\",\"@id\":\"https:\\\/\\\/www.garcia-coca.com\\\/ca\\\/#organization\",\"name\":\"Bufet Garc\u00eda-Coca\",\"url\":\"https:\\\/\\\/www.garcia-coca.com\\\/ca\\\/\",\"logo\":{\"@type\":\"ImageObject\",\"inLanguage\":\"ca\",\"@id\":\"https:\\\/\\\/www.garcia-coca.com\\\/ca\\\/#\\\/schema\\\/logo\\\/image\\\/\",\"url\":\"https:\\\/\\\/www.garcia-coca.com\\\/wp-content\\\/uploads\\\/2020\\\/12\\\/Logo_trasparente_blanco.png\",\"contentUrl\":\"https:\\\/\\\/www.garcia-coca.com\\\/wp-content\\\/uploads\\\/2020\\\/12\\\/Logo_trasparente_blanco.png\",\"width\":2325,\"height\":650,\"caption\":\"Bufet Garc\u00eda-Coca\"},\"image\":{\"@id\":\"https:\\\/\\\/www.garcia-coca.com\\\/ca\\\/#\\\/schema\\\/logo\\\/image\\\/\"},\"sameAs\":[\"https:\\\/\\\/www.facebook.com\\\/Bufet-Garca-Coca-975377212483096\\\/\",\"http:\\\/\\\/www.linkedin.com\\\/in\\\/fernando-garca-coca-castro-43a1b240\"]}]}<\/script>\n<!-- \/ Yoast SEO plugin. -->","yoast_head_json":{"title":"Dret de successions i donacions - Bufet Garc\u00eda-Coca","description":"Planificaci\u00f3 success\u00f2ria i redacci\u00f3 de testaments. Partici\u00f3, acceptaci\u00f3 i adjudicaci\u00f3 d\u2019her\u00e8ncia. Obtenci\u00f3 del certificat de defunci\u00f3.","robots":{"index":"index","follow":"follow","max-snippet":"max-snippet:-1","max-image-preview":"max-image-preview:large","max-video-preview":"max-video-preview:-1"},"canonical":"https:\/\/www.garcia-coca.com\/ca\/dret-de-successions-i-donacions\/","og_locale":"ca_ES","og_type":"article","og_title":"Dret de successions i donacions - Bufet Garc\u00eda-Coca","og_description":"Planificaci\u00f3 success\u00f2ria i redacci\u00f3 de testaments. Partici\u00f3, acceptaci\u00f3 i adjudicaci\u00f3 d\u2019her\u00e8ncia. Obtenci\u00f3 del certificat de defunci\u00f3.","og_url":"https:\/\/www.garcia-coca.com\/ca\/dret-de-successions-i-donacions\/","og_site_name":"Bufet Garc\u00eda-Coca","article_publisher":"https:\/\/www.facebook.com\/Bufet-Garca-Coca-975377212483096\/","article_modified_time":"2025-10-17T14:06:30+00:00","og_image":[{"width":2325,"height":650,"url":"https:\/\/www.garcia-coca.com\/wp-content\/uploads\/2020\/12\/Logo_trasparente_blanco.png","type":"image\/png"}],"twitter_card":"summary_large_image","twitter_misc":{"Temps estimat de lectura":"4 minuts"},"schema":{"@context":"https:\/\/schema.org","@graph":[{"@type":"WebPage","@id":"https:\/\/www.garcia-coca.com\/ca\/dret-de-successions-i-donacions\/","url":"https:\/\/www.garcia-coca.com\/ca\/dret-de-successions-i-donacions\/","name":"Dret de successions i donacions - Bufet Garc\u00eda-Coca","isPartOf":{"@id":"https:\/\/www.garcia-coca.com\/ca\/#website"},"datePublished":"2024-05-20T16:15:36+00:00","dateModified":"2025-10-17T14:06:30+00:00","description":"Planificaci\u00f3 success\u00f2ria i redacci\u00f3 de testaments. Partici\u00f3, acceptaci\u00f3 i adjudicaci\u00f3 d\u2019her\u00e8ncia. Obtenci\u00f3 del certificat de defunci\u00f3.","breadcrumb":{"@id":"https:\/\/www.garcia-coca.com\/ca\/dret-de-successions-i-donacions\/#breadcrumb"},"inLanguage":"ca","potentialAction":[{"@type":"ReadAction","target":["https:\/\/www.garcia-coca.com\/ca\/dret-de-successions-i-donacions\/"]}]},{"@type":"BreadcrumbList","@id":"https:\/\/www.garcia-coca.com\/ca\/dret-de-successions-i-donacions\/#breadcrumb","itemListElement":[{"@type":"ListItem","position":1,"name":"Home","item":"https:\/\/www.garcia-coca.com\/ca\/"},{"@type":"ListItem","position":2,"name":"Dret de successions i donacions"}]},{"@type":"WebSite","@id":"https:\/\/www.garcia-coca.com\/ca\/#website","url":"https:\/\/www.garcia-coca.com\/ca\/","name":"Bufet Garc\u00eda-Coca","description":"Abogados de Familia y Sucesiones","publisher":{"@id":"https:\/\/www.garcia-coca.com\/ca\/#organization"},"potentialAction":[{"@type":"SearchAction","target":{"@type":"EntryPoint","urlTemplate":"https:\/\/www.garcia-coca.com\/ca\/?s={search_term_string}"},"query-input":{"@type":"PropertyValueSpecification","valueRequired":true,"valueName":"search_term_string"}}],"inLanguage":"ca"},{"@type":"Organization","@id":"https:\/\/www.garcia-coca.com\/ca\/#organization","name":"Bufet Garc\u00eda-Coca","url":"https:\/\/www.garcia-coca.com\/ca\/","logo":{"@type":"ImageObject","inLanguage":"ca","@id":"https:\/\/www.garcia-coca.com\/ca\/#\/schema\/logo\/image\/","url":"https:\/\/www.garcia-coca.com\/wp-content\/uploads\/2020\/12\/Logo_trasparente_blanco.png","contentUrl":"https:\/\/www.garcia-coca.com\/wp-content\/uploads\/2020\/12\/Logo_trasparente_blanco.png","width":2325,"height":650,"caption":"Bufet Garc\u00eda-Coca"},"image":{"@id":"https:\/\/www.garcia-coca.com\/ca\/#\/schema\/logo\/image\/"},"sameAs":["https:\/\/www.facebook.com\/Bufet-Garca-Coca-975377212483096\/","http:\/\/www.linkedin.com\/in\/fernando-garca-coca-castro-43a1b240"]}]}},"_links":{"self":[{"href":"https:\/\/www.garcia-coca.com\/ca\/wp-json\/wp\/v2\/pages\/241608","targetHints":{"allow":["GET"]}}],"collection":[{"href":"https:\/\/www.garcia-coca.com\/ca\/wp-json\/wp\/v2\/pages"}],"about":[{"href":"https:\/\/www.garcia-coca.com\/ca\/wp-json\/wp\/v2\/types\/page"}],"author":[{"embeddable":true,"href":"https:\/\/www.garcia-coca.com\/ca\/wp-json\/wp\/v2\/users\/1"}],"replies":[{"embeddable":true,"href":"https:\/\/www.garcia-coca.com\/ca\/wp-json\/wp\/v2\/comments?post=241608"}],"version-history":[{"count":0,"href":"https:\/\/www.garcia-coca.com\/ca\/wp-json\/wp\/v2\/pages\/241608\/revisions"}],"wp:attachment":[{"href":"https:\/\/www.garcia-coca.com\/ca\/wp-json\/wp\/v2\/media?parent=241608"}],"curies":[{"name":"wp","href":"https:\/\/api.w.org\/{rel}","templated":true}]}}